{"id":104,"date":"2016-01-18T14:58:21","date_gmt":"2016-01-18T14:58:21","guid":{"rendered":"http:\/\/prestazilla.org\/dev2\/autozone\/?page_id=104"},"modified":"2018-12-11T12:01:29","modified_gmt":"2018-12-11T11:01:29","slug":"vente","status":"publish","type":"page","link":"https:\/\/preprod.kulture-jeep.com\/Vlog\/index.php\/vente\/","title":{"rendered":"Vente de v\u00e9hicules neuf &#038; occasion"},"content":{"rendered":"","protected":false},"excerpt":{"rendered":"","protected":false},"author":4,"featured_media":9052,"parent":0,"menu_order":0,"comment_status":"closed","ping_status":"closed","template":"autos.php","meta":{"_seopress_robots_primary_cat":"","_seopress_titles_title":"Vente de v\u00e9hicule neuf &amp; occasion Jeep","_seopress_titles_desc":"Retrouvez tous nos v\u00e9hicules en vente actuellement dans notre concession Jeep Toulouse. D\u00e9couvrez les v\u00e9hicules Jeep d&#039;occasions ou neuf dans notre Showroom.","_seopress_robots_index":""},"_links":{"self":[{"href":"https:\/\/preprod.kulture-jeep.com\/Vlog\/index.php\/wp-json\/wp\/v2\/pages\/104"}],"collection":[{"href":"https:\/\/preprod.kulture-jeep.com\/Vlog\/index.php\/wp-json\/wp\/v2\/pages"}],"about":[{"href":"https:\/\/preprod.kulture-jeep.com\/Vlog\/index.php\/wp-json\/wp\/v2\/types\/page"}],"author":[{"embeddable":true,"href":"https:\/\/preprod.kulture-jeep.com\/Vlog\/index.php\/wp-json\/wp\/v2\/users\/4"}],"replies":[{"embeddable":true,"href":"https:\/\/preprod.kulture-jeep.com\/Vlog\/index.php\/wp-json\/wp\/v2\/comments?post=104"}],"version-history":[{"count":1,"href":"https:\/\/preprod.kulture-jeep.com\/Vlog\/index.php\/wp-json\/wp\/v2\/pages\/104\/revisions"}],"predecessor-version":[{"id":8285,"href":"https:\/\/preprod.kulture-jeep.com\/Vlog\/index.php\/wp-json\/wp\/v2\/pages\/104\/revisions\/8285"}],"wp:featuredmedia":[{"embeddable":true,"href":"https:\/\/preprod.kulture-jeep.com\/Vlog\/index.php\/wp-json\/wp\/v2\/media\/9052"}],"wp:attachment":[{"href":"https:\/\/preprod.kulture-jeep.com\/Vlog\/index.php\/wp-json\/wp\/v2\/media?parent=104"}],"curies":[{"name":"wp","href":"https:\/\/api.w.org\/{rel}","templated":true}]}}